{"id":325,"date":"2025-01-22T10:28:26","date_gmt":"2025-01-22T09:28:26","guid":{"rendered":"http:\/\/64.226.123.242\/?page_id=325"},"modified":"2025-02-14T17:32:46","modified_gmt":"2025-02-14T16:32:46","slug":"about-us","status":"publish","type":"page","link":"http:\/\/porec-fewo.de\/de\/about-us\/","title":{"rendered":"\u00dcber Uns"},"content":{"rendered":"<section class=\"l-section wpb_row us_custom_be04d206 height_huge width_full with_img parallax_ver parallaxdir_reversed\"><div class=\"l-section-img\" role=\"img\" data-img-width=\"1310\" data-img-height=\"425\" style=\"background-image: url(https:\/\/porec-fewo.de\/wp-content\/uploads\/about-us-porec-fewo.jpg);background-repeat: no-repeat;background-size: contain;\"><\/div><div class=\"l-section-h i-cf\"><div class=\"g-cols vc_row via_grid cols_1 laptops-cols_inherit tablets-cols_inherit mobiles-cols_1 valign_top type_default stacking_default\"><div class=\"wpb_column vc_column_container\"><div class=\"vc_column-inner\"><div class=\"wpb_text_column us_custom_fa097b28 has_text_color\"><div class=\"wpb_wrapper\"><h1>\u00dcber Uns<\/h1>\n<\/div><\/div><\/div><\/div><\/div><\/div><\/section><section class=\"l-section wpb_row height_medium\"><div class=\"l-section-h i-cf\"><div class=\"g-cols vc_row via_grid cols_1 laptops-cols_inherit tablets-cols_inherit mobiles-cols_1 valign_top type_default stacking_default\"><div class=\"wpb_column vc_column_container\"><div class=\"vc_column-inner\"><div class=\"wpb_text_column us_custom_eb849559\"><div class=\"wpb_wrapper\"><h2>Vertrauen Sie der Tradition<\/h2>\n<p>Wir sind die Familie Grizelj und vermieten bereits seit \u00fcber 30 Jahren Ferienwohnungen in Pore\u010d, und zwar im wohl renommiertesten und attraktivsten Stadtteil Spadici. In unmittelbarer N\u00e4he zum Meer finden Sie unsere beiden Ferienh\u00e4user - mit liebevoll und individuell gestalteten Appartements.<\/p>\n<p>Wir k\u00fcmmern uns pers\u00f6nlich um alle unsere G\u00e4ste. Der direkte Kontakt ist uns dabei sehr wichtig, denn neben komfortablen Ferienwohnungen und der wundersch\u00f6nen Gegend, ist es vor allem die Gastfreundschaft, die einen unvergesslichen Urlaub ausmacht. Zudem erhalten wir im Gespr\u00e4ch mit unseren G\u00e4sten immer wieder neue Anregungen und Ideen, wie wir den Urlaub f\u00fcr unsere Besucher noch attraktiver gestalten k\u00f6nnen.<\/p>\n<p>Deshalb freuen wir uns Jahr f\u00fcr Jahr auf unsere Stammg\u00e4ste. Gerne w\u00fcrden wir auch Sie als unsere zuk\u00fcnftigen G\u00e4ste begr\u00fc\u00dfen.<\/p>\n<\/div><\/div><\/div><\/div><\/div><\/div><\/section><section class=\"l-section wpb_row height_medium\"><div class=\"l-section-h i-cf\"><div class=\"g-cols vc_row via_grid cols_6 laptops-cols_inherit tablets-cols_inherit mobiles-cols_1 valign_top type_default stacking_default\"><div class=\"wpb_column vc_column_container\"><div class=\"vc_column-inner\"><div class=\"w-iconbox us_custom_492179a4 iconpos_top style_default color_primary align_center no_text\"><div class=\"w-iconbox-icon\" style=\"font-size:3rem;\"><i class=\"material-icons\">star<\/i><\/div><div class=\"w-iconbox-meta\"><p class=\"w-iconbox-title\">Hohe Bewertung<\/p><\/div><\/div><\/div><\/div><div class=\"wpb_column vc_column_container\"><div class=\"vc_column-inner\"><div class=\"w-iconbox us_custom_492179a4 iconpos_top style_default color_primary align_center no_text\"><div class=\"w-iconbox-icon\" style=\"font-size:3rem;\"><i class=\"material-icons\">bedtime<\/i><\/div><div class=\"w-iconbox-meta\"><p class=\"w-iconbox-title\">Stille Nachtstunden<\/p><\/div><\/div><\/div><\/div><div class=\"wpb_column vc_column_container\"><div class=\"vc_column-inner\"><div class=\"w-iconbox us_custom_492179a4 iconpos_top style_default color_primary align_center no_text\"><div class=\"w-iconbox-icon\" style=\"font-size:3rem;\"><i class=\"material-icons\">location_on<\/i><\/div><div class=\"w-iconbox-meta\"><p class=\"w-iconbox-title\">Beste Standorte<\/p><\/div><\/div><\/div><\/div><div class=\"wpb_column vc_column_container\"><div class=\"vc_column-inner\"><div class=\"w-iconbox us_custom_492179a4 iconpos_top style_default color_primary align_center no_text\"><div class=\"w-iconbox-icon\" style=\"font-size:3rem;\"><i class=\"material-icons\">free_cancellation<\/i><\/div><div class=\"w-iconbox-meta\"><p class=\"w-iconbox-title\">Kostenfreie Stornierung<\/p><\/div><\/div><\/div><\/div><div class=\"wpb_column vc_column_container\"><div class=\"vc_column-inner\"><div class=\"w-iconbox us_custom_492179a4 iconpos_top style_default color_primary align_center no_text\"><div class=\"w-iconbox-icon\" style=\"font-size:3rem;\"><i class=\"material-icons\">payments<\/i><\/div><div class=\"w-iconbox-meta\"><p class=\"w-iconbox-title\">Flexible Zahlungsm\u00f6glichkeiten<\/p><\/div><\/div><\/div><\/div><div class=\"wpb_column vc_column_container\"><div class=\"vc_column-inner\"><div class=\"w-iconbox us_custom_492179a4 iconpos_top style_default color_primary align_center no_text\"><div class=\"w-iconbox-icon\" style=\"font-size:3rem;\"><i class=\"material-icons\">redeem<\/i><\/div><div class=\"w-iconbox-meta\"><p class=\"w-iconbox-title\">Sonderangebote<\/p><\/div><\/div><\/div><\/div><\/div><\/div><\/section><section class=\"l-section wpb_row height_auto\"><div class=\"l-section-overlay\" style=\"background:var(--color-content-bg-alt)\"><\/div><div class=\"l-section-h i-cf\"><div class=\"g-cols vc_row via_grid cols_2 laptops-cols_inherit tablets-cols_inherit mobiles-cols_1 valign_middle type_default stacking_default\"><div class=\"wpb_column vc_column_container stretched\"><div class=\"vc_column-inner\"><div class=\"w-video align_none ratio_16x9 has_iframe\"><div class=\"w-video-h\"><iframe title=\"Youtube video player\" src=\"\/\/www.youtube.com\/embed\/yfyA9kHV24E?autoplay=0&controls=1&origin=http:\/\/porec-fewo.de\/de&loop=0&mute=0\" allowfullscreen=\"1\" loading=\"lazy\"><\/iframe><\/div><div class=\"w-video-icon\" style=\"font-size:1.5rem;background:rgba(0,0,0,0.5);color:#fff\"><\/div><\/div><\/div><\/div><div class=\"wpb_column vc_column_container\"><div class=\"vc_column-inner\"><div class=\"wpb_text_column us_custom_eb849559\"><div class=\"wpb_wrapper\"><h2>\u00dcber Pore\u010d<\/h2>\n<p>Pore\u010d ist ein mehrfacher Champion des kroatischen Tourismus. Es ist die Stadt mit den meisten Auszeichnungen, aber auch eine Stadt mit einem riesigen kulturellen und historischen Erbe.<\/p>\n<\/div><\/div><\/div><\/div><\/div><\/div><\/section><section class=\"l-section wpb_row height_medium\"><div class=\"l-section-h i-cf\"><div class=\"g-cols vc_row via_grid cols_1 laptops-cols_inherit tablets-cols_inherit mobiles-cols_1 valign_top type_default stacking_default\"><div class=\"wpb_column vc_column_container\"><div class=\"vc_column-inner\"><div class=\"g-cols wpb_row via_grid cols_3 laptops-cols_inherit tablets-cols_inherit mobiles-cols_1 valign_top type_default stacking_default\" style=\"--columns-gap:2rem;\"><div class=\"wpb_column vc_column_container us_custom_0a785476 has_bg_color\"><div class=\"vc_column-inner\"><div class=\"wpb_text_column\"><div class=\"wpb_wrapper\"><h3>\"Perfekte Lage mit Meerblick\"<\/h3>\n<p>Die Ferienwohnung hatte eine wundersch\u00f6ne Aussicht auf das Meer und war sehr zentral gelegen. Alles sehr sauber und gut ausgestattet - wir werden wieder kommen!<\/p>\n<p><em>Familie Furhmann<\/em><\/p>\n<\/div><\/div><\/div><\/div><div class=\"wpb_column vc_column_container us_custom_0a785476 has_bg_color\"><div class=\"vc_column-inner\"><div class=\"wpb_text_column\"><div class=\"wpb_wrapper\"><h3>\"Famili\u00e4re Atmosph\u00e4re in ruhiger Umgebung\"<\/h3>\n<p>Die Unterkunft liegt in einer ruhigen Gegend und bietet eine famili\u00e4re Atmosph\u00e4re. Die Gastgeber waren sehr freundlich und hilfsbereit. Wir haben uns hier sehr wohl gef\u00fchlt!<\/p>\n<p><em>Dennis Riedel<\/em><\/p>\n<\/div><\/div><\/div><\/div><div class=\"wpb_column vc_column_container us_custom_0a785476 has_bg_color\"><div class=\"vc_column-inner\"><div class=\"wpb_text_column\"><div class=\"wpb_wrapper\"><h3>\"Top Preis-Leistungs-Verh\u00e4ltnis\"<\/h3>\n<p>Die Wohnung war sehr preiswert und verf\u00fcgt zudem \u00fcber eine sehr gute Ausstattung. Es gibt in der direkten N\u00e4he viele Restaurants und Bars. Hier stimmt wirklich alles!<\/p>\n<p><em>C. Kempf<\/em><\/p>\n<\/div><\/div><\/div><\/div><\/div><\/div><\/div><\/div><\/div><\/section>","protected":false},"excerpt":{"rendered":"About Us Experience Hospitality with Tradition For over 30 years, the Grizelj family has been welcoming guests to our holiday apartments in Pore\u010d\u2019s most sought-after district, Spadi\u0107i. Just a short stroll from the sea, our two charming holiday homes offer individually designed apartments, each with a personal touch. What sets us apart is our dedication...","protected":false},"author":1,"featured_media":0,"parent":0,"menu_order":0,"comment_status":"closed","ping_status":"closed","template":"","meta":{"footnotes":""},"class_list":["post-325","page","type-page","status-publish","hentry"],"_links":{"self":[{"href":"http:\/\/porec-fewo.de\/de\/wp-json\/wp\/v2\/pages\/325","targetHints":{"allow":["GET"]}}],"collection":[{"href":"http:\/\/porec-fewo.de\/de\/wp-json\/wp\/v2\/pages"}],"about":[{"href":"http:\/\/porec-fewo.de\/de\/wp-json\/wp\/v2\/types\/page"}],"author":[{"embeddable":true,"href":"http:\/\/porec-fewo.de\/de\/wp-json\/wp\/v2\/users\/1"}],"replies":[{"embeddable":true,"href":"http:\/\/porec-fewo.de\/de\/wp-json\/wp\/v2\/comments?post=325"}],"version-history":[{"count":0,"href":"http:\/\/porec-fewo.de\/de\/wp-json\/wp\/v2\/pages\/325\/revisions"}],"wp:attachment":[{"href":"http:\/\/porec-fewo.de\/de\/wp-json\/wp\/v2\/media?parent=325"}],"curies":[{"name":"wp","href":"https:\/\/api.w.org\/{rel}","templated":true}]}}