{"id":125,"date":"2025-01-19T20:52:55","date_gmt":"2025-01-19T19:52:55","guid":{"rendered":"http:\/\/64.226.123.242\/?page_id=125"},"modified":"2026-03-12T15:51:01","modified_gmt":"2026-03-12T14:51:01","slug":"house-marija-pricelist","status":"publish","type":"page","link":"https:\/\/porec-fewo.de\/de\/house-marija\/house-marija-pricelist\/","title":{"rendered":"House Marija &#8211; Pricelist"},"content":{"rendered":"<section class=\"l-section wpb_row height_medium\"><div class=\"l-section-h i-cf\"><div class=\"g-cols vc_row via_grid cols_1 laptops-cols_inherit tablets-cols_inherit mobiles-cols_1 valign_top type_default stacking_default\"><div class=\"wpb_column vc_column_container\"><div class=\"vc_column-inner\"><div class=\"wpb_text_column\"><div class=\"wpb_wrapper\"><h1>Preisliste f\u00fcr Haus Marija<\/h1>\n<\/div><\/div><div class=\"w-separator size_medium\"><\/div><div class=\"wpb_text_column\"><div class=\"wpb_wrapper\">\n<table id=\"tablepress-1\" class=\"tablepress tablepress-id-1\" aria-describedby=\"tablepress-1-description\">\n<thead>\n<tr class=\"row-1\">\n\t<th class=\"column-1\"><strong>TERMINE<\/strong><\/th><th class=\"column-2\"><strong>No. 1<br \/>\n(A2)<\/strong><\/th><th class=\"column-3\"><strong>No. 2<br \/>\n(A4)<\/strong><\/th><th class=\"column-4\"><strong>No. 3<br \/>\n(A4)<\/strong><\/th><th class=\"column-5\"><strong>No. 4<br \/>\n(A4*)<\/strong><\/th><th class=\"column-6\"><strong>No. 5<br \/>\n(A4)<\/strong><\/th><th class=\"column-7\"><strong>No. 6<br \/>\n(A4)<\/strong><\/th><th class=\"column-8\"><strong>No. 7<br \/>\n(A2)<\/strong><\/th>\n<\/tr>\n<\/thead>\n<tbody class=\"row-striping row-hover\">\n<tr class=\"row-2\">\n\t<td class=\"column-1\">01.04 \u2013 22.05.2026<\/td><td class=\"column-2\">50 \u20ac<\/td><td class=\"column-3\">54 \u20ac<\/td><td class=\"column-4\">64 \u20ac<\/td><td class=\"column-5\">70 \u20ac<\/td><td class=\"column-6\">64 \u20ac<\/td><td class=\"column-7\">64 \u20ac<\/td><td class=\"column-8\">50 \u20ac<\/td>\n<\/tr>\n<tr class=\"row-3\">\n\t<td class=\"column-1\">23.05 \u2013 19.06.2026<\/td><td class=\"column-2\">64 \u20ac<\/td><td class=\"column-3\">77 \u20ac<\/td><td class=\"column-4\">88 \u20ac<\/td><td class=\"column-5\">94 \u20ac<\/td><td class=\"column-6\">88 \u20ac<\/td><td class=\"column-7\">88 \u20ac<\/td><td class=\"column-8\">64 \u20ac<\/td>\n<\/tr>\n<tr class=\"row-4\">\n\t<td class=\"column-1\">20.06 \u2013 26.06.2026<\/td><td class=\"column-2\">82 \u20ac<\/td><td class=\"column-3\">88 \u20ac<\/td><td class=\"column-4\">105 \u20ac<\/td><td class=\"column-5\">111 \u20ac<\/td><td class=\"column-6\">105 \u20ac<\/td><td class=\"column-7\">105 \u20ac<\/td><td class=\"column-8\">82 \u20ac<\/td>\n<\/tr>\n<tr class=\"row-5\">\n\t<td class=\"column-1\">27.06 \u2013 21.08.2026<\/td><td class=\"column-2\">96 \u20ac<\/td><td class=\"column-3\">115 \u20ac<\/td><td class=\"column-4\">135 \u20ac<\/td><td class=\"column-5\">146 \u20ac<\/td><td class=\"column-6\">135 \u20ac<\/td><td class=\"column-7\">135 \u20ac<\/td><td class=\"column-8\">96 \u20ac<\/td>\n<\/tr>\n<tr class=\"row-6\">\n\t<td class=\"column-1\">22.08 \u2013 06.09.2026<\/td><td class=\"column-2\">73 \u20ac<\/td><td class=\"column-3\">80 \u20ac<\/td><td class=\"column-4\">110 \u20ac<\/td><td class=\"column-5\">115 \u20ac<\/td><td class=\"column-6\">110 \u20ac<\/td><td class=\"column-7\">110 \u20ac<\/td><td class=\"column-8\">73 \u20ac<\/td>\n<\/tr>\n<tr class=\"row-7\">\n\t<td class=\"column-1\">07.09 \u2013 03.10.2026<\/td><td class=\"column-2\">50 \u20ac<\/td><td class=\"column-3\">54 \u20ac<\/td><td class=\"column-4\">64 \u20ac<\/td><td class=\"column-5\">70 \u20ac<\/td><td class=\"column-6\">64 \u20ac<\/td><td class=\"column-7\">64 \u20ac<\/td><td class=\"column-8\">50 \u20ac<\/td>\n<\/tr>\n<\/tbody>\n<\/table>\n<span id=\"tablepress-1-description\" class=\"tablepress-table-description tablepress-table-description-id-1\">Tagespreis in Euro inklusive Kurtaxe und 13 % Mehrwertsteuer.<\/span>\n<!-- #tablepress-1 from cache -->\n<\/div><\/div><div class=\"w-separator size_medium\"><\/div><div class=\"g-cols wpb_row via_grid cols_2 laptops-cols_inherit tablets-cols_inherit mobiles-cols_1 valign_middle type_boxes stacking_default\" style=\"--columns-gap:3rem;\"><div class=\"wpb_column vc_column_container\"><div class=\"vc_column-inner\"><div class=\"wpb_text_column\"><div class=\"wpb_wrapper\"><p>Vor- und Endreinigung, Strom, Wasser, Bettw\u00e4sche, Geschirrt\u00fccher, Handt\u00fccher und Reinigungsmaterial sind bereits im Preis inbegriffen.<\/p>\n<p>Haustiere auf Anfrage: 10,00 Euro pro Tag und wird vor Ort Bar bezahlt.<\/p>\n<\/div><\/div><\/div><\/div><div class=\"wpb_column vc_column_container\"><div class=\"vc_column-inner\"><div class=\"wpb_text_column\"><div class=\"wpb_wrapper\"><p><strong>-&gt;Anzahlung: 30 %<\/strong><\/p>\n<p><strong>-&gt; Restzahlung: 70 %<\/strong><\/p>\n<\/div><\/div><\/div><\/div><\/div><div class=\"g-cols wpb_row via_grid cols_1 laptops-cols_inherit tablets-cols_inherit mobiles-cols_1 valign_top type_default stacking_default\" style=\"--columns-gap:3rem;\"><div class=\"wpb_column vc_column_container\"><div class=\"vc_column-inner\"><div class=\"wpb_text_column\"><div class=\"wpb_wrapper\"><h2>Angaben zum Aufenthalt:<\/h2>\n<h3>Mindestaufenthalt:<\/h3>\n<p>In der Hochsaison ab 15.05.26 \u2013 09.09.2026 Mindestaufenthalt betr\u00e4gt 7 Tage (Anreise t\u00e4glich)<br \/>\n01.04.26 - 15.05.26 Minimum Aufenthalt 5 Tage<br \/>\n09.09.26 - 15.10.26 Minimum Aufenthalt 5 Tage (Anreise t\u00e4glich)<br \/>\nBei einem Aufenthalt von weniger als 5 Tagen wird ein Zuschlag von 30 % erhoben.<\/p>\n<h2>Zahlungsm\u00f6glichkeiten:<\/h2>\n<p><strong>Kaution:<\/strong> Bank\u00fcberweisung<\/p>\n<p><strong>Restzahlung:<\/strong> Bank\u00fcberweisung vor Anreise<\/p>\n<h2>Gesch\u00e4ftsbedingungen<\/h2>\n<p>Diese Allgemeinen Gesch\u00e4ftsbedingungen gelten mit allen m\u00f6glichen \u00c4nderungen f\u00fcr alle Buchungsbest\u00e4tigungen, die direkt oder indirekt (\u00fcber Vermittler) im Internet, per E-Mail oder telefonisch verf\u00fcgbar sind. Durch den Zugriff auf, die Anzeige und Nutzung unserer Website oder einer anderen Grundlage und\/oder durch die Best\u00e4tigung der Reservierung stimmen Sie zu, dass Sie die nachstehenden Bedingungen und Richtlinien gelesen haben und ihnen zustimmen.<\/p>\n<p>Bei Nichteinhaltung dieser Pflichten tr\u00e4gt der Gast die Verantwortung f\u00fcr m\u00f6gliche Folgen und ist zum Ersatz des entstandenen Schadens verpflichtet. Mit der Best\u00e4tigung der Reservierung ist der Gast verpflichtet, dem Vermieter den durch sein Verschulden verursachten Schaden direkt zu ersetzen.<\/p>\n<h3>Prozentsatz der eingezogenen Vorauszahlung, wenn der Gast die Reservierung storniert:<\/h3>\n<h4>Anreisetage au\u00dferhalb der Hochsaison:<\/h4>\n<ul>\n<li>bis 14 Tage vor Anreise ohne Stornogeb\u00fchren<\/li>\n<li>13-6 Tage vor Anreise 30% Stornogeb\u00fchr oder Einbehalt der Anzahlung<\/li>\n<li>5-0 Tage vor Reiseantritt 100 % Stornogeb\u00fchren<\/li>\n<\/ul>\n<h4>Days to arrival during high season (30.05 &#8211; 05.09.26):<\/h4>\n<ul>\n<li>bis 14 Tage vor Anreise ohne Stornogeb\u00fchren<\/li>\n<li>13-6 Tage vor Anreise 30% des Gesamtbetrages<\/li>\n<li>5-0 Tage vor Reiseantritt 100 % Stornogeb\u00fchren<\/li>\n<\/ul>\n<p>K\u00fcndigt der Gast seine Stornierung nicht an, wird seine Unterkunft am Tag nach der geplanten Anreise wieder freigegeben und angeboten.<\/p>\n<p>F\u00fcr etwaige Rechtsstreitigkeiten ist das Gericht in Pore\u010d\/Kroatien zust\u00e4ndig.<\/p>\n<\/div><\/div><\/div><\/div><\/div><\/div><\/div><\/div><\/div><\/section>","protected":false},"excerpt":{"rendered":"Pricelist for Marija House DATESNo. 1 (A2)No. 2 (A4)No. 3 (A4)No. 4 (A4*)No. 5 (A4)No. 6 (A4)No. 7 (A2) 01.04 \u2013 22.05.202650 \u20ac54 \u20ac64 \u20ac70 \u20ac64 \u20ac64 \u20ac50 \u20ac 23.05 \u2013 19.06.202664 \u20ac77 \u20ac88 \u20ac94 \u20ac88 \u20ac88 \u20ac64 \u20ac 20.06 \u2013 26.06.202682 \u20ac88 \u20ac105 \u20ac111 \u20ac105 \u20ac105 \u20ac82 \u20ac 27.06 \u2013 21.08.202696 \u20ac115 \u20ac135 \u20ac146...","protected":false},"author":1,"featured_media":0,"parent":119,"menu_order":1,"comment_status":"closed","ping_status":"closed","template":"","meta":{"footnotes":""},"class_list":["post-125","page","type-page","status-publish","hentry"],"_links":{"self":[{"href":"https:\/\/porec-fewo.de\/de\/wp-json\/wp\/v2\/pages\/125","targetHints":{"allow":["GET"]}}],"collection":[{"href":"https:\/\/porec-fewo.de\/de\/wp-json\/wp\/v2\/pages"}],"about":[{"href":"https:\/\/porec-fewo.de\/de\/wp-json\/wp\/v2\/types\/page"}],"author":[{"embeddable":true,"href":"https:\/\/porec-fewo.de\/de\/wp-json\/wp\/v2\/users\/1"}],"replies":[{"embeddable":true,"href":"https:\/\/porec-fewo.de\/de\/wp-json\/wp\/v2\/comments?post=125"}],"version-history":[{"count":2,"href":"https:\/\/porec-fewo.de\/de\/wp-json\/wp\/v2\/pages\/125\/revisions"}],"predecessor-version":[{"id":980,"href":"https:\/\/porec-fewo.de\/de\/wp-json\/wp\/v2\/pages\/125\/revisions\/980"}],"up":[{"embeddable":true,"href":"https:\/\/porec-fewo.de\/de\/wp-json\/wp\/v2\/pages\/119"}],"wp:attachment":[{"href":"https:\/\/porec-fewo.de\/de\/wp-json\/wp\/v2\/media?parent=125"}],"curies":[{"name":"wp","href":"https:\/\/api.w.org\/{rel}","templated":true}]}}