{"id":344,"date":"2025-01-22T11:12:57","date_gmt":"2025-01-22T10:12:57","guid":{"rendered":"http:\/\/64.226.123.242\/?page_id=344"},"modified":"2025-01-22T11:23:50","modified_gmt":"2025-01-22T10:23:50","slug":"about-porec","status":"publish","type":"page","link":"https:\/\/porec-fewo.de\/de\/about-porec\/","title":{"rendered":"\u00dcber Pore\u010d"},"content":{"rendered":"<section class=\"l-section wpb_row height_auto\"><div class=\"l-section-overlay\" style=\"background:var(--color-content-bg-alt)\"><\/div><div class=\"l-section-h i-cf\"><div class=\"g-cols vc_row via_grid cols_2 laptops-cols_inherit tablets-cols_inherit mobiles-cols_1 valign_middle type_default stacking_default\"><div class=\"wpb_column vc_column_container stretched\"><div class=\"vc_column-inner\"><div class=\"w-video align_none ratio_16x9 has_iframe\"><div class=\"w-video-h\"><iframe title=\"Youtube video player\" src=\"\/\/www.youtube.com\/embed\/yfyA9kHV24E?autoplay=0&controls=1&origin=https:\/\/porec-fewo.de\/de&loop=0&mute=0\" allowfullscreen=\"1\" loading=\"lazy\"><\/iframe><\/div><div class=\"w-video-icon\" style=\"font-size:1.5rem;background:rgba(0,0,0,0.5);color:#fff\"><\/div><\/div><\/div><\/div><div class=\"wpb_column vc_column_container\"><div class=\"vc_column-inner\"><div class=\"wpb_text_column us_custom_eb849559\"><div class=\"wpb_wrapper\"><h1>\u00dcber Pore\u010d<\/h1>\n<p>Pore\u010d hat sich schon seit langer Zeit als beliebtes Reiseziel hier in Kroatien etabliert. Es ist die Stadt mit den meisten Auszeichnungen, die aber gleichzeitig auch mit einem gro\u00dfen kulturellen und historischen Angebot anlockt.<\/p>\n<\/div><\/div><\/div><\/div><\/div><\/div><\/section><section class=\"l-section wpb_row height_medium\"><div class=\"l-section-h i-cf\"><div class=\"g-cols vc_row via_grid cols_1 laptops-cols_inherit tablets-cols_inherit mobiles-cols_1 valign_top type_default stacking_default\"><div class=\"wpb_column vc_column_container\"><div class=\"vc_column-inner\"><div class=\"wpb_text_column\"><div class=\"wpb_wrapper\"><p>Pore\u010d liegt an der Westk\u00fcste Istriens und hat 17.400 Einwohner. Die Riviera von Pore\u010d erstreckt sich vom Mirna-Tal im Norden bis zum Lim-Kanal 37 km weiter im S\u00fcden. Die wichtigsten Touristengebiete in Pore\u010d sind Lanterna, Cervar-Porat, Ulika, Materada, Spadici, Brulo, Plava Laguna (blaue Lagune), Zelena Lagna (gr\u00fcne Lagune) und Bijela Uvala (wei\u00dfe Bucht).<\/p>\n<p>Sowohl die zahlreichen Inseln als auch sauber und gut ausgestattet <strong>Str\u00e4nde<\/strong> sind das Wahrzeichen von Pore\u010d. \u00dcber 12 Str\u00e4nde hissen die blaue Flagge, ein Zertifikat des internationalen Umweltprogramms zum Schutz des Meeres und der K\u00fcste.<\/p>\n<p>Eine breite Palette von <strong>Unterkunftoptionen<\/strong> und kulturelle Veranstaltungen machen Pore\u010d zu einem Reiseziel, das f\u00fcr jeden Geschmack etwas zu bieten hat. Pore\u010d verf\u00fcgt auch \u00fcber ein eigenes Sport- und Unterhaltungsangebot. Die Stadt ist sowohl als Trainingsgel\u00e4nde f\u00fcr Profi- und Amateurspieler als auch als gro\u00dfartiger Ort f\u00fcr Unterhaltung mit vielen Sommerbars und Clubs bekannt.<\/p>\n<p>Pore\u010d und seine Umgebung bieten auch viele hervorragende <strong>Restaurants und Bars<\/strong> , wo Sie nicht nur frische Fischspezialit\u00e4ten, sondern auch Spezialit\u00e4ten der istrischen K\u00fcche genie\u00dfen k\u00f6nnen \u2013 am besten mit einem Glas wei\u00dfem Malvazija oder rotem Merlot- oder Teranwein. Alle diese erstklassigen Produkte stammen aus dieser Region.<\/p>\n<p>Pore\u010d ist ein perfekter Ausgangspunkt f\u00fcr <strong>Reisen<\/strong> nach Umag, Novigrad, Vrsar, Pula, in den Nationalpark Brijuni und ins Landesinnere Istriens mit seinen zahlreichen D\u00f6rfern. Dort k\u00f6nnen Sie Weinberge und Oliven\u00f6lstra\u00dfen besuchen oder die Gegend mit dem Fahrrad inmitten der wundersch\u00f6nen Natur erkunden.<\/p>\n<p>Reich an Angeboten in allen Bereichen der Kultur, Unterhaltung, <strong>Sport<\/strong> und den besten touristischen Bedingungen bietet Ihnen Pore\u010d alles, um Ihren Urlaub einzigartig und unvergesslich zu machen!<\/p>\n<\/div><\/div><\/div><\/div><\/div><\/div><\/section>","protected":false},"excerpt":{"rendered":"About Pore\u010d Pore\u010d is a multiple champion of Croatian tourism. It is the city with the most awards, but also a city with a huge cultural and historical heritage Pore\u010d is located on the western coast of Istria and has 17,400 inhabitants. The Pore\u010d Riviera stretches from the Mirna Valley in the north to the...","protected":false},"author":1,"featured_media":0,"parent":0,"menu_order":0,"comment_status":"closed","ping_status":"closed","template":"","meta":{"footnotes":""},"class_list":["post-344","page","type-page","status-publish","hentry"],"_links":{"self":[{"href":"https:\/\/porec-fewo.de\/de\/wp-json\/wp\/v2\/pages\/344","targetHints":{"allow":["GET"]}}],"collection":[{"href":"https:\/\/porec-fewo.de\/de\/wp-json\/wp\/v2\/pages"}],"about":[{"href":"https:\/\/porec-fewo.de\/de\/wp-json\/wp\/v2\/types\/page"}],"author":[{"embeddable":true,"href":"https:\/\/porec-fewo.de\/de\/wp-json\/wp\/v2\/users\/1"}],"replies":[{"embeddable":true,"href":"https:\/\/porec-fewo.de\/de\/wp-json\/wp\/v2\/comments?post=344"}],"version-history":[{"count":0,"href":"https:\/\/porec-fewo.de\/de\/wp-json\/wp\/v2\/pages\/344\/revisions"}],"wp:attachment":[{"href":"https:\/\/porec-fewo.de\/de\/wp-json\/wp\/v2\/media?parent=344"}],"curies":[{"name":"wp","href":"https:\/\/api.w.org\/{rel}","templated":true}]}}