{"id":8,"date":"2025-01-13T21:32:00","date_gmt":"2025-01-13T21:32:00","guid":{"rendered":"http:\/\/64.226.123.242\/home\/"},"modified":"2026-03-13T15:20:46","modified_gmt":"2026-03-13T14:20:46","slug":"home","status":"publish","type":"page","link":"https:\/\/porec-fewo.de\/de\/","title":{"rendered":"Home"},"content":{"rendered":"<section class=\"l-section wpb_row height_huge width_full with_img parallax_ver parallaxdir_reversed\"><div class=\"l-section-img\" role=\"img\" data-img-width=\"2560\" data-img-height=\"1658\" style=\"background-image: url(https:\/\/porec-fewo.de\/wp-content\/uploads\/aerial-shot-of-the-beautiful-city-of-porec-croati-2023-11-27-05-30-19-utc-scaled-1.jpg);background-repeat: no-repeat;\"><\/div><div class=\"l-section-h i-cf\"><div class=\"g-cols vc_row via_grid cols_1 laptops-cols_inherit tablets-cols_inherit mobiles-cols_1 valign_top type_default stacking_default\"><div class=\"wpb_column vc_column_container\"><div class=\"vc_column-inner\"><div class=\"wpb_text_column us_custom_fa097b28 has_text_color\"><div class=\"wpb_wrapper\"><h1>Entspannen, Entdecken und unvergessliche Erinnerungen in\u00a0Pore\u010d\u00a0schaffen<\/h1>\n<\/div><\/div><\/div><\/div><\/div><\/div><\/section><section class=\"l-section wpb_row height_medium\"><div class=\"l-section-h i-cf\"><div class=\"g-cols vc_row via_grid cols_1 laptops-cols_inherit tablets-cols_inherit mobiles-cols_1 valign_top type_default stacking_default\"><div class=\"wpb_column vc_column_container\"><div class=\"vc_column-inner\"><div class=\"wpb_text_column us_custom_eb849559\"><div class=\"wpb_wrapper\"><h2 class=\"qodef-m-title\">SCH\u00d6NE WOHNUNGEN IM HERZEN VON PORE\u010c, KROATIEN<\/h2>\n<p>Die H\u00e4user liegen im wohl ber\u00fchmtesten und attraktivsten Teil von Pore\u010d \u2013 dem Stadtteil Spadici. Das Haus Marija ist ein Nachbarhaus des Hauses Jasmina, dessen deutschsprachige Eigent\u00fcmer die Familie Grizelj sind.<\/p>\n<\/div><\/div><\/div><\/div><\/div><\/div><\/section><section class=\"l-section wpb_row height_medium\"><div class=\"l-section-overlay\" style=\"background:var(--color-content-bg-alt)\"><\/div><div class=\"l-section-h i-cf\"><div class=\"g-cols vc_row via_grid cols_2 laptops-cols_inherit tablets-cols_inherit mobiles-cols_1 valign_middle type_default stacking_default\"><div class=\"wpb_column vc_column_container stretched\"><div class=\"vc_column-inner\"><div class=\"w-image us_custom_01e0c627 has_height align_none\"><div class=\"w-image-h\"><img decoding=\"async\" width=\"1024\" height=\"653\" src=\"https:\/\/porec-fewo.de\/wp-content\/uploads\/jasmina-vanjska-slika-nvoa-1024x653-1.webp\" class=\"attachment-full size-full\" alt=\"\" loading=\"lazy\" srcset=\"https:\/\/porec-fewo.de\/wp-content\/uploads\/jasmina-vanjska-slika-nvoa-1024x653-1.webp 1024w, https:\/\/porec-fewo.de\/wp-content\/uploads\/jasmina-vanjska-slika-nvoa-1024x653-1-300x191.webp 300w, https:\/\/porec-fewo.de\/wp-content\/uploads\/jasmina-vanjska-slika-nvoa-1024x653-1-18x12.webp 18w\" sizes=\"auto, (max-width: 1024px) 100vw, 1024px\" \/><\/div><\/div><\/div><\/div><div class=\"wpb_column vc_column_container\"><div class=\"vc_column-inner\"><div class=\"wpb_text_column\"><div class=\"wpb_wrapper\"><h2>Unser Haus Jasmina<\/h2>\n<p>Das Haus Jasmina befindet sich im wohl bekanntesten und attraktivsten Teil von Pore\u010d: Spadici. Es ist das Nachbarhaus zum Haus Marija (gleiche deutschsprachige Eigent\u00fcmerfamilie Grizelj). Die beiden H\u00e4user sind nur 25 Meter voneinander entfernt (Losinjska-Stra\u00dfe 14 und 10) und befinden sich in einer ruhigen Lage. Das Haus Jasmina bietet Ihnen gleich acht sch\u00f6ne Ferienwohnungen f\u00fcr 2 bis 7 Personen. Das Haus ist ideal f\u00fcr gr\u00f6\u00dfere Familien geeignet. Besonders beliebt bei den G\u00e4sten sind die drei gro\u00dfen Grillterrassen in den Appartements Nr. 2, Nr. 3 und Nr. 4. Dabei sind in allen Apartments Klimaanlagen vorhanden. Zudem stehen Ihnen 7 hauseigene Parkpl\u00e4tze sowie ausreichend Parkpl\u00e4tze vor dem Haus zur Verf\u00fcgung. Ein Kinderspielplatz befindet sich ebenfalls nur ca. 50 m entfernt.<\/p>\n<\/div><\/div><div class=\"w-separator size_medium\"><\/div><div class=\"w-hwrapper valign_top align_none\"><div class=\"w-btn-wrapper align_none\"><a class=\"w-btn us-btn-style_1\" href=\"https:\/\/porec-fewo.de\/de\/house-jasmina\/\"><span class=\"w-btn-label\">Erfahren Sie mehr<\/span><\/a><\/div><div class=\"w-btn-wrapper align_none\"><a class=\"w-btn us-btn-style_3\" target=\"_blank\" href=\"https:\/\/housejasmina.book.rentl.io\/?from=11-04-2025&amp;to=15-04-2025&amp;adults=1&amp;children=&amp;rooms=1\" rel=\"noopener\"><span class=\"w-btn-label\">Buchen Sie Online<\/span><\/a><\/div><\/div><\/div><\/div><\/div><\/div><\/section><section class=\"l-section wpb_row height_medium\"><div class=\"l-section-h i-cf\"><div class=\"g-cols vc_row via_grid cols_2 laptops-cols_inherit tablets-cols_inherit mobiles-cols_1 valign_middle type_default reversed stacking_default\"><div class=\"wpb_column vc_column_container\"><div class=\"vc_column-inner\"><div class=\"wpb_text_column\"><div class=\"wpb_wrapper\"><h2>Unser Haus Marija<\/h2>\n<p>Das Haus Marija liegt im wohl bekanntesten und attraktivsten Teil von Pore\u010d: Spadici. Das Haus Marija ist ein Nachbarhaus zum Haus Jasmina (gleiche deutschsprachige Eigent\u00fcmerfamilie Grizelj). Die beiden H\u00e4user sind nur 25 Meter voneinander entfernt (Losinjska-Stra\u00dfe 10 und 14). Die Apartments des Hauses Marija sind f\u00fcr 2 bis 4 Personen geeignet. Dabei ist in allen Apartments eine Klimaanlage vorhanden, einige bieten einen direkten Meerblick und verf\u00fcgen zudem \u00fcber eine eigene Gartenterrasse. Auch der gepflegte Garten ist ein echter Hingucker und bestich mit Palmen, einem Steingarten, Kiwib\u00e4umen und einer Weinpergola. Dar\u00fcber hinaus sind hier die Gehwege und Au\u00dfentreppen mit Marmorplatten belegt. Vor dem Haus sind ausreichend Parkpl\u00e4tze vorhanden und ein Kinderspielplatz befindet sich ca. 50 m entfernt.<\/p>\n<\/div><\/div><div class=\"w-separator size_medium\"><\/div><div class=\"w-hwrapper valign_top align_none\"><div class=\"w-btn-wrapper align_none\"><a class=\"w-btn us-btn-style_1\" href=\"https:\/\/porec-fewo.de\/de\/house-marija\/\"><span class=\"w-btn-label\">Erfahren Sie mehr<\/span><\/a><\/div><div class=\"w-btn-wrapper align_none\"><a class=\"w-btn us-btn-style_3\" target=\"_blank\" href=\"https:\/\/housemarija.book.rentl.io\/?from=11-04-2025&amp;to=15-04-2025&amp;adults=1&amp;children=&amp;rooms=1\" rel=\"noopener\"><span class=\"w-btn-label\">Buchen Sie Online<\/span><\/a><\/div><\/div><\/div><\/div><div class=\"wpb_column vc_column_container stretched\"><div class=\"vc_column-inner\"><div class=\"w-image us_custom_01e0c627 has_height align_none\"><div class=\"w-image-h\"><img decoding=\"async\" width=\"1257\" height=\"802\" src=\"https:\/\/porec-fewo.de\/wp-content\/uploads\/house-marija-porec-fewo.jpg\" class=\"attachment-full size-full\" alt=\"House Marija Porec Fewo\" loading=\"lazy\" srcset=\"https:\/\/porec-fewo.de\/wp-content\/uploads\/house-marija-porec-fewo.jpg 1257w, https:\/\/porec-fewo.de\/wp-content\/uploads\/house-marija-porec-fewo-300x191.jpg 300w, https:\/\/porec-fewo.de\/wp-content\/uploads\/house-marija-porec-fewo-1024x653.jpg 1024w, https:\/\/porec-fewo.de\/wp-content\/uploads\/house-marija-porec-fewo-18x12.jpg 18w\" sizes=\"auto, (max-width: 1257px) 100vw, 1257px\" \/><\/div><\/div><\/div><\/div><\/div><\/div><\/section><section class=\"l-section wpb_row height_medium with_shape\"><div class=\"l-section-shape type_custom pos_bottom\" style=\"height:33%;color:var(--color-content-bg-alt)\"><svg xmlns=\"http:\/\/www.w3.org\/2000\/svg\" viewbox=\"0 0 64 8\" preserveaspectratio=\"none\" width=\"100%\" height=\"100%\">\r\n\t<path fill=\"currentColor\" d=\"M64 8 L0 8 L0 0 L64 0 Z\"\/>\r\n<\/svg><\/div><div class=\"l-section-h i-cf\"><div class=\"g-cols vc_row via_grid cols_1 laptops-cols_inherit tablets-cols_inherit mobiles-cols_1 valign_top type_default stacking_default\"><div class=\"wpb_column vc_column_container\"><div class=\"vc_column-inner\"><div class=\"wpb_text_column us_custom_eb849559\"><div class=\"wpb_wrapper\"><h2 class=\"qodef-m-title\">\u00dcber Uns<\/h2>\n<p>Wir, die Familie Grizelj, freuen uns, Sie und Ihre Liebsten bald in unseren wundersch\u00f6nen Ferienwohnungen in Spadi\u0107i, Pore\u010d, willkommen zu hei\u00dfen.<\/p>\n<\/div><\/div><div class=\"w-separator size_medium\"><\/div><div class=\"g-cols wpb_row via_grid cols_3 laptops-cols_inherit tablets-cols_inherit mobiles-cols_1 valign_top type_default stacking_default\" style=\"--columns-gap:2rem;\"><div class=\"wpb_column vc_column_container us_custom_0a785476 has_bg_color\"><div class=\"vc_column-inner\"><div class=\"wpb_text_column\"><div class=\"wpb_wrapper\"><h3>\"Perfekte Lage mit Meerblick\"<\/h3>\n<p>Die Ferienwohnung hatte eine wundersch\u00f6ne Aussicht auf das Meer und war sehr zentral gelegen. Alles sehr sauber und gut ausgestattet - wir werden wieder kommen!<\/p>\n<p><em>Familie Furhmann<\/em><\/p>\n<\/div><\/div><\/div><\/div><div class=\"wpb_column vc_column_container us_custom_0a785476 has_bg_color\"><div class=\"vc_column-inner\"><div class=\"wpb_text_column\"><div class=\"wpb_wrapper\"><h3>\"Famili\u00e4re Atmosph\u00e4re in ruhiger Umgebung\"<\/h3>\n<p>Die Unterkunft liegt in einer ruhigen Gegend und bietet eine famili\u00e4re Atmosph\u00e4re. Die Gastgeber waren sehr freundlich und hilfsbereit. Wir haben uns hier sehr wohl gef\u00fchlt!<\/p>\n<p><em>Dennis Riedel<\/em><\/p>\n<\/div><\/div><\/div><\/div><div class=\"wpb_column vc_column_container us_custom_0a785476 has_bg_color\"><div class=\"vc_column-inner\"><div class=\"wpb_text_column\"><div class=\"wpb_wrapper\"><h3>\"Top Preis-Leistungs-Verh\u00e4ltnis\"<\/h3>\n<p>Die Wohnung war sehr preiswert und verf\u00fcgt zudem \u00fcber eine sehr gute Ausstattung. Es gibt in der direkten N\u00e4he viele Restaurants und Bars. Hier stimmt wirklich alles!<\/p>\n<p><em>C. Kempf<\/em><\/p>\n<\/div><\/div><\/div><\/div><\/div><\/div><\/div><\/div><\/div><\/section><section class=\"l-section wpb_row height_medium\"><div class=\"l-section-h i-cf\"><div class=\"g-cols vc_row via_grid cols_5 laptops-cols_inherit tablets-cols_inherit mobiles-cols_1 valign_top type_default stacking_default\"><div class=\"wpb_column vc_column_container\"><div class=\"vc_column-inner\"><div class=\"w-iconbox us_custom_492179a4 iconpos_top style_default color_primary align_center no_text\"><div class=\"w-iconbox-icon\" style=\"font-size:3rem;\"><i class=\"material-icons\">wifi<\/i><\/div><div class=\"w-iconbox-meta\"><p class=\"w-iconbox-title\">GRATIS WIFI<\/p><\/div><\/div><\/div><\/div><div class=\"wpb_column vc_column_container\"><div class=\"vc_column-inner\"><div class=\"w-iconbox us_custom_492179a4 iconpos_top style_default color_primary align_center no_text\"><div class=\"w-iconbox-icon\" style=\"font-size:3rem;\"><i class=\"material-icons\">local_parking<\/i><\/div><div class=\"w-iconbox-meta\"><p class=\"w-iconbox-title\">\u00d6FFENTLICHER PARKPLATZ<\/p><\/div><\/div><\/div><\/div><div class=\"wpb_column vc_column_container\"><div class=\"vc_column-inner\"><div class=\"w-iconbox us_custom_492179a4 iconpos_top style_default color_primary align_center no_text\"><div class=\"w-iconbox-icon\" style=\"font-size:3rem;\"><i class=\"material-icons\">cast<\/i><\/div><div class=\"w-iconbox-meta\"><p class=\"w-iconbox-title\">SATELLITEN-FERNSEHEN<\/p><\/div><\/div><\/div><\/div><div class=\"wpb_column vc_column_container\"><div class=\"vc_column-inner\"><div class=\"w-iconbox us_custom_492179a4 iconpos_top style_default color_primary align_center no_text\"><div class=\"w-iconbox-icon\" style=\"font-size:3rem;\"><i class=\"material-icons\">ac_unit<\/i><\/div><div class=\"w-iconbox-meta\"><p class=\"w-iconbox-title\">KLIMAANLAGE<\/p><\/div><\/div><\/div><\/div><div class=\"wpb_column vc_column_container\"><div class=\"vc_column-inner\"><div class=\"w-iconbox us_custom_492179a4 iconpos_top style_default color_primary align_center no_text\"><div class=\"w-iconbox-icon\" style=\"font-size:3rem;\"><i class=\"material-icons\">location_on<\/i><\/div><div class=\"w-iconbox-meta\"><p class=\"w-iconbox-title\">BESTE LAGE<\/p><\/div><\/div><\/div><\/div><\/div><\/div><\/section><section class=\"l-section wpb_row height_auto\"><div class=\"l-section-overlay\" style=\"background:var(--color-content-bg-alt)\"><\/div><div class=\"l-section-h i-cf\"><div class=\"g-cols vc_row via_grid cols_2 laptops-cols_inherit tablets-cols_inherit mobiles-cols_1 valign_middle type_default stacking_default\"><div class=\"wpb_column vc_column_container stretched\"><div class=\"vc_column-inner\"><div class=\"w-video align_none ratio_16x9 has_iframe\"><div class=\"w-video-h\"><iframe title=\"Youtube video player\" src=\"\/\/www.youtube.com\/embed\/vnNRMUxUC74?autoplay=0&controls=1&origin=https:\/\/porec-fewo.de\/de&loop=0&mute=0\" allowfullscreen=\"1\" loading=\"lazy\"><\/iframe><\/div><div class=\"w-video-icon\" style=\"font-size:1.5rem;background:rgba(0,0,0,0.5);color:#fff\"><\/div><\/div><\/div><\/div><div class=\"wpb_column vc_column_container\"><div class=\"vc_column-inner\"><div class=\"wpb_text_column\"><div class=\"wpb_wrapper\"><h2>\u00dcber Pore\u010d<\/h2>\n<p>Pore\u010d ist ein mehrfacher Champion des kroatischen Tourismus. Es ist die Stadt mit den meisten Auszeichnungen, aber auch eine Stadt mit einem riesigen kulturellen und historischen Erbe.<\/p>\n<\/div><\/div><div class=\"w-separator size_small\"><\/div><div class=\"w-btn-wrapper align_none\"><a class=\"w-btn us-btn-style_1\" href=\"https:\/\/porec-fewo.de\/de\/about-porec\/\"><span class=\"w-btn-label\">Erfahren Sie mehr<\/span><\/a><\/div><\/div><\/div><\/div><\/div><\/section><section class=\"l-section wpb_row height_medium\"><div class=\"l-section-h i-cf\"><div class=\"g-cols vc_row via_grid cols_1 laptops-cols_inherit tablets-cols_inherit mobiles-cols_1 valign_top type_default stacking_default\"><div class=\"wpb_column vc_column_container\"><div class=\"vc_column-inner\"><section class=\"l-section wpb_row height_medium width_custom\" style=\"--site-content-width:600px;\" id=\"inquiry-form\"><div class=\"l-section-h i-cf\"><div class=\"g-cols vc_row via_grid cols_1 laptops-cols_inherit tablets-cols_inherit mobiles-cols_1 valign_top type_default stacking_default\"><div class=\"wpb_column vc_column_container\"><div class=\"vc_column-inner\"><div class=\"wpb_text_column\"><div class=\"wpb_wrapper\"><h3>Senden Sie uns eine Buchungsanfrage<\/h3>\n<\/div><\/div><div class=\"w-separator size_medium\"><\/div>\n<div class=\"wpcf7 no-js us-field-style_1\" id=\"wpcf7-f194-o1\" lang=\"en-US\" dir=\"ltr\" data-wpcf7-id=\"194\">\n<div class=\"screen-reader-response\"><p role=\"status\" aria-live=\"polite\" aria-atomic=\"true\"><\/p> <ul><\/ul><\/div>\n<form action=\"\/de\/wp-json\/wp\/v2\/pages\/8#wpcf7-f194-o1\" method=\"post\" class=\"wpcf7-form init\" aria-label=\"Contact form\" novalidate=\"novalidate\" data-status=\"init\" data-trp-original-action=\"\/de\/wp-json\/wp\/v2\/pages\/8#wpcf7-f194-o1\">\n<fieldset class=\"hidden-fields-container\"><input type=\"hidden\" name=\"_wpcf7\" value=\"194\" \/><input type=\"hidden\" name=\"_wpcf7_version\" value=\"6.1.4\" \/><input type=\"hidden\" name=\"_wpcf7_locale\" value=\"en_US\" \/><input type=\"hidden\" name=\"_wpcf7_unit_tag\" value=\"wpcf7-f194-o1\" \/><input type=\"hidden\" name=\"_wpcf7_container_post\" value=\"0\" \/><input type=\"hidden\" name=\"_wpcf7_posted_data_hash\" value=\"\" \/><input type=\"hidden\" name=\"_wpcf7_recaptcha_response\" value=\"\" \/>\n<\/fieldset>\n<p><label> Ihr Name<br \/>\n<span class=\"wpcf7-form-control-wrap\" data-name=\"your-name\"><input size=\"40\" maxlength=\"400\" class=\"wpcf7-form-control wpcf7-text wpcf7-validates-as-required\" autocomplete=\"name\" aria-required=\"true\" aria-invalid=\"false\" value=\"\" type=\"text\" name=\"your-name\" \/><\/span> <\/label>\n<\/p>\n<p><label> Ihre E-Mail<br \/>\n<span class=\"wpcf7-form-control-wrap\" data-name=\"your-email\"><input size=\"40\" maxlength=\"400\" class=\"wpcf7-form-control wpcf7-email wpcf7-validates-as-required wpcf7-text wpcf7-validates-as-email\" autocomplete=\"email\" aria-required=\"true\" aria-invalid=\"false\" value=\"\" type=\"email\" name=\"your-email\" \/><\/span> <\/label>\n<\/p>\n<p><label> Erwachsene<br \/>\n<span class=\"wpcf7-form-control-wrap\" data-name=\"number-569\"><input class=\"wpcf7-form-control wpcf7-number wpcf7-validates-as-required wpcf7-validates-as-number\" min=\"1\" max=\"6\" aria-required=\"true\" aria-invalid=\"false\" value=\"2\" type=\"number\" name=\"number-569\" \/><\/span><\/label><br \/>\n<label> Kinder<br \/>\n<span class=\"wpcf7-form-control-wrap\" data-name=\"number-495\"><input class=\"wpcf7-form-control wpcf7-number wpcf7-validates-as-number\" min=\"0\" max=\"6\" aria-invalid=\"false\" value=\"0\" type=\"number\" name=\"number-495\" \/><\/span><\/label>\n<\/p>\n<p><label> Check-in-Datum<br \/>\n        <span  class=\"wpcf7-form-control-wrap datepicker-884\" data-name=\"datepicker-884\">\n        \t<input size=\"40\" class=\"wpcf7-form-control wpcf7-datepicker wpcf7-validates-as-required datepicker gmdpcf_datepicker\" value=\"\" format=\"dd.mm.yy\" min_val=\"current|plus|0|days\" max_val=\"set_date|2025\" disable_weekdays=\"\" aria-required=\"true\" aria-invalid=\"false\" type=\"text\" name=\"datepicker-884\" \/>\n        \t\t\t<\/span>\n         <\/label>\n<\/p>\n<p><label> Check-out-Datum<br \/>\n        <span  class=\"wpcf7-form-control-wrap datepicker-932\" data-name=\"datepicker-932\">\n        \t<input size=\"40\" class=\"wpcf7-form-control wpcf7-datepicker wpcf7-validates-as-required datepicker gmdpcf_datepicker\" value=\"\" format=\"dd.mm.yy\" min_val=\"field_name|datepicker-884|plus|1|days\" max_val=\"no_limit\" disable_weekdays=\"\" aria-required=\"true\" aria-invalid=\"false\" type=\"text\" name=\"datepicker-932\" \/>\n        \t\t\t<\/span>\n         <\/label>\n<\/p>\n<p><label> Zus\u00e4tzliche Informationen (optional)<br \/>\n<span class=\"wpcf7-form-control-wrap\" data-name=\"your-message\"><textarea cols=\"40\" rows=\"10\" maxlength=\"2000\" class=\"wpcf7-form-control wpcf7-textarea\" aria-invalid=\"false\" name=\"your-message\"><\/textarea><\/span> <\/label>\n<\/p>\n<input class=\"wpcf7-form-control wpcf7-hidden\" value=\"accomodattion_property_id\" type=\"hidden\" name=\"text\" \/>\n<input class=\"wpcf7-form-control wpcf7-hidden\" value=\"accomodattion_property_name\" type=\"hidden\" name=\"text\" \/>\n<input class=\"wpcf7-form-control wpcf7-hidden\" value=\"accomodattion_unit_id\" type=\"hidden\" name=\"text\" \/>\n<p><input class=\"wpcf7-form-control wpcf7-submit has-spinner w-btn us-btn-style_3\" type=\"submit\" value=\"Kontaktieren Sie\u00a0uns\" \/>\n<\/p><div class=\"wpcf7-response-output\" aria-hidden=\"true\"><\/div>\n<input type=\"hidden\" name=\"trp-form-language\" value=\"de\"\/><\/form>\n<\/div>\n<\/div><\/div><\/div><\/div><\/section>\n<\/div><\/div><\/div><\/div><\/section>","protected":false},"excerpt":{"rendered":"Relax, Discover, and Make Unforgettable Memories\u00a0in\u00a0Pore\u010d BEAUTIFUL APARTMENTS IN THE HEART OF PORE\u010c, CROATIA The houses are located in what is probably the most famous and attractive part of Pore\u010d \u2013 the Spadici part of town. The Marija house is a neighboring house to the Jasmina house, the same German-speaking owners, the Grizelj family. Our...","protected":false},"author":1,"featured_media":0,"parent":0,"menu_order":0,"comment_status":"closed","ping_status":"closed","template":"","meta":{"footnotes":""},"class_list":["post-8","page","type-page","status-publish","hentry"],"_links":{"self":[{"href":"https:\/\/porec-fewo.de\/de\/wp-json\/wp\/v2\/pages\/8","targetHints":{"allow":["GET"]}}],"collection":[{"href":"https:\/\/porec-fewo.de\/de\/wp-json\/wp\/v2\/pages"}],"about":[{"href":"https:\/\/porec-fewo.de\/de\/wp-json\/wp\/v2\/types\/page"}],"author":[{"embeddable":true,"href":"https:\/\/porec-fewo.de\/de\/wp-json\/wp\/v2\/users\/1"}],"replies":[{"embeddable":true,"href":"https:\/\/porec-fewo.de\/de\/wp-json\/wp\/v2\/comments?post=8"}],"version-history":[{"count":2,"href":"https:\/\/porec-fewo.de\/de\/wp-json\/wp\/v2\/pages\/8\/revisions"}],"predecessor-version":[{"id":962,"href":"https:\/\/porec-fewo.de\/de\/wp-json\/wp\/v2\/pages\/8\/revisions\/962"}],"wp:attachment":[{"href":"https:\/\/porec-fewo.de\/de\/wp-json\/wp\/v2\/media?parent=8"}],"curies":[{"name":"wp","href":"https:\/\/api.w.org\/{rel}","templated":true}]}}